{"id":11075,"date":"2021-03-23T13:03:39","date_gmt":"2021-03-23T11:03:39","guid":{"rendered":"http:\/\/tablescape.ee\/toode\/puuviljavaagen-3\/"},"modified":"2021-03-23T13:05:17","modified_gmt":"2021-03-23T11:05:17","slug":"puuviljavaagen-3","status":"publish","type":"product","link":"https:\/\/tablescape.ee\/en\/toode\/puuviljavaagen-3\/","title":{"rendered":"Fruit bowl"},"content":{"rendered":"<ul>\n<li>\u00d8 31 cm<\/li>\n<li>N\u00f5ude hoidmiseks v\u00e4ltige kokkupuudet tugevate temperatuurimuutustega. V\u00f5ib pesta n\u00f5udepesumasinas.<\/li>\n<\/ul>\n","protected":false},"excerpt":{"rendered":"<p>\u00d8 31 cm N\u00f5ude hoidmiseks v\u00e4ltige kokkupuudet tugevate temperatuurimuutustega. V\u00f5ib pesta n\u00f5udepesumasinas.<\/p>\n","protected":false},"featured_media":11073,"template":"","meta":{"footnotes":""},"product_brand":[],"product_cat":[151,229],"product_tag":[],"class_list":{"0":"post-11075","1":"product","2":"type-product","3":"status-publish","4":"has-post-thumbnail","6":"product_cat-gift-ideas","7":"product_cat-le-jardin-du-palais-en-2","9":"first","10":"instock","11":"taxable","12":"shipping-taxable","13":"purchasable","14":"product-type-simple"},"_links":{"self":[{"href":"https:\/\/tablescape.ee\/en\/wp-json\/wp\/v2\/product\/11075","targetHints":{"allow":["GET"]}}],"collection":[{"href":"https:\/\/tablescape.ee\/en\/wp-json\/wp\/v2\/product"}],"about":[{"href":"https:\/\/tablescape.ee\/en\/wp-json\/wp\/v2\/types\/product"}],"version-history":[{"count":1,"href":"https:\/\/tablescape.ee\/en\/wp-json\/wp\/v2\/product\/11075\/revisions"}],"predecessor-version":[{"id":11076,"href":"https:\/\/tablescape.ee\/en\/wp-json\/wp\/v2\/product\/11075\/revisions\/11076"}],"wp:featuredmedia":[{"embeddable":true,"href":"https:\/\/tablescape.ee\/en\/wp-json\/wp\/v2\/media\/11073"}],"wp:attachment":[{"href":"https:\/\/tablescape.ee\/en\/wp-json\/wp\/v2\/media?parent=11075"}],"wp:term":[{"taxonomy":"product_brand","embeddable":true,"href":"https:\/\/tablescape.ee\/en\/wp-json\/wp\/v2\/product_brand?post=11075"},{"taxonomy":"product_cat","embeddable":true,"href":"https:\/\/tablescape.ee\/en\/wp-json\/wp\/v2\/product_cat?post=11075"},{"taxonomy":"product_tag","embeddable":true,"href":"https:\/\/tablescape.ee\/en\/wp-json\/wp\/v2\/product_tag?post=11075"}],"curies":[{"name":"wp","href":"https:\/\/api.w.org\/{rel}","templated":true}]}}