{"id":11147,"date":"2021-03-23T14:08:28","date_gmt":"2021-03-23T12:08:28","guid":{"rendered":"http:\/\/tablescape.ee\/toode\/4-salatitaldrikut-10\/"},"modified":"2021-03-23T14:12:04","modified_gmt":"2021-03-23T12:12:04","slug":"4-salatitaldrikut-10","status":"publish","type":"product","link":"https:\/\/tablescape.ee\/en\/toode\/4-salatitaldrikut-10\/","title":{"rendered":"4 Dessert plates assorted"},"content":{"rendered":"<ul>\n<li>\u00d8 22 cm<\/li>\n<li>N\u00f5ude hoidmiseks v\u00e4ltige kokkupuudet tugevate temperatuurimuutustega. Toodet v\u00f5ib pesta n\u00f5udepesumasinas.<\/li>\n<\/ul>\n","protected":false},"excerpt":{"rendered":"<p>\u00d8 22 cm N\u00f5ude hoidmiseks v\u00e4ltige kokkupuudet tugevate temperatuurimuutustega. Toodet v\u00f5ib pesta n\u00f5udepesumasinas.<\/p>\n","protected":false},"featured_media":11146,"template":"","meta":{"footnotes":""},"product_brand":[],"product_cat":[229],"product_tag":[],"class_list":{"0":"post-11147","1":"product","2":"type-product","3":"status-publish","4":"has-post-thumbnail","6":"product_cat-le-jardin-du-palais-en-2","8":"first","9":"instock","10":"taxable","11":"shipping-taxable","12":"purchasable","13":"product-type-simple"},"_links":{"self":[{"href":"https:\/\/tablescape.ee\/en\/wp-json\/wp\/v2\/product\/11147","targetHints":{"allow":["GET"]}}],"collection":[{"href":"https:\/\/tablescape.ee\/en\/wp-json\/wp\/v2\/product"}],"about":[{"href":"https:\/\/tablescape.ee\/en\/wp-json\/wp\/v2\/types\/product"}],"version-history":[{"count":1,"href":"https:\/\/tablescape.ee\/en\/wp-json\/wp\/v2\/product\/11147\/revisions"}],"predecessor-version":[{"id":11148,"href":"https:\/\/tablescape.ee\/en\/wp-json\/wp\/v2\/product\/11147\/revisions\/11148"}],"wp:featuredmedia":[{"embeddable":true,"href":"https:\/\/tablescape.ee\/en\/wp-json\/wp\/v2\/media\/11146"}],"wp:attachment":[{"href":"https:\/\/tablescape.ee\/en\/wp-json\/wp\/v2\/media?parent=11147"}],"wp:term":[{"taxonomy":"product_brand","embeddable":true,"href":"https:\/\/tablescape.ee\/en\/wp-json\/wp\/v2\/product_brand?post=11147"},{"taxonomy":"product_cat","embeddable":true,"href":"https:\/\/tablescape.ee\/en\/wp-json\/wp\/v2\/product_cat?post=11147"},{"taxonomy":"product_tag","embeddable":true,"href":"https:\/\/tablescape.ee\/en\/wp-json\/wp\/v2\/product_tag?post=11147"}],"curies":[{"name":"wp","href":"https:\/\/api.w.org\/{rel}","templated":true}]}}