{"id":14262,"date":"2023-10-05T15:52:17","date_gmt":"2023-10-05T12:52:17","guid":{"rendered":"https:\/\/tablescape.ee\/toode\/voitoosi-ehtealus\/"},"modified":"2023-10-05T15:55:13","modified_gmt":"2023-10-05T12:55:13","slug":"voitoosi-ehtealus","status":"publish","type":"product","link":"https:\/\/tablescape.ee\/en\/toode\/voitoosi-ehtealus\/","title":{"rendered":"Butter tray\/ jewelry tray"},"content":{"rendered":"<ul>\n<li>17,8 x 13,5 cm<\/li>\n<li>To keep your Gien Fa\u00efence looking like new we recommend you avoid exposing it to strong temperature variations. It is however dishwasher safe.<\/li>\n<\/ul>\n","protected":false},"excerpt":{"rendered":"<p>V\u00f5itoosi katteks sobib ideaalselt Filet Cobalt kollektsiooni kaas. Samuti Filet Manganese musta \u00e4\u00e4rega kaas.<\/p>\n<p>&nbsp;<\/p>\n","protected":false},"featured_media":14252,"template":"","meta":{"footnotes":""},"product_brand":[],"product_cat":[151,229],"product_tag":[],"class_list":{"0":"post-14262","1":"product","2":"type-product","3":"status-publish","4":"has-post-thumbnail","6":"product_cat-gift-ideas","7":"product_cat-le-jardin-du-palais-en-2","9":"first","10":"instock","11":"taxable","12":"shipping-taxable","13":"purchasable","14":"product-type-simple"},"_links":{"self":[{"href":"https:\/\/tablescape.ee\/en\/wp-json\/wp\/v2\/product\/14262","targetHints":{"allow":["GET"]}}],"collection":[{"href":"https:\/\/tablescape.ee\/en\/wp-json\/wp\/v2\/product"}],"about":[{"href":"https:\/\/tablescape.ee\/en\/wp-json\/wp\/v2\/types\/product"}],"version-history":[{"count":1,"href":"https:\/\/tablescape.ee\/en\/wp-json\/wp\/v2\/product\/14262\/revisions"}],"predecessor-version":[{"id":14263,"href":"https:\/\/tablescape.ee\/en\/wp-json\/wp\/v2\/product\/14262\/revisions\/14263"}],"wp:featuredmedia":[{"embeddable":true,"href":"https:\/\/tablescape.ee\/en\/wp-json\/wp\/v2\/media\/14252"}],"wp:attachment":[{"href":"https:\/\/tablescape.ee\/en\/wp-json\/wp\/v2\/media?parent=14262"}],"wp:term":[{"taxonomy":"product_brand","embeddable":true,"href":"https:\/\/tablescape.ee\/en\/wp-json\/wp\/v2\/product_brand?post=14262"},{"taxonomy":"product_cat","embeddable":true,"href":"https:\/\/tablescape.ee\/en\/wp-json\/wp\/v2\/product_cat?post=14262"},{"taxonomy":"product_tag","embeddable":true,"href":"https:\/\/tablescape.ee\/en\/wp-json\/wp\/v2\/product_tag?post=14262"}],"curies":[{"name":"wp","href":"https:\/\/api.w.org\/{rel}","templated":true}]}}