{"id":14570,"date":"2023-10-30T15:00:38","date_gmt":"2023-10-30T13:00:38","guid":{"rendered":"https:\/\/tablescape.ee\/toode\/kruus-lind\/"},"modified":"2023-10-30T15:32:48","modified_gmt":"2023-10-30T13:32:48","slug":"kruus-lind","status":"publish","type":"product","link":"https:\/\/tablescape.ee\/en\/toode\/kruus-lind\/","title":{"rendered":"Mug Bird"},"content":{"rendered":"<ul>\n<li>25,5 cl\/H 9,5 cm<\/li>\n<li>N\u00f5ude hoidmiseks v\u00e4ltige kokkupuudet tugevate temperatuurimuutustega. Toodet v\u00f5ib pesta n\u00f5udepesumasinas.<\/li>\n<li>\n<div class=\"woocommerce-tabs wc-tabs-wrapper full-width-tabs\" data-tab-style=\"fullwidth\">\n<div id=\"tab-description\" class=\"woocommerce-Tabs-panel woocommerce-Tabs-panel--description panel entry-content wc-tab\" role=\"tabpanel\" aria-labelledby=\"tab-title-description\"><\/div>\n<\/div>\n<\/li>\n<\/ul>\n","protected":false},"excerpt":{"rendered":"<p>25,5 cl\/H 9,5 cm N\u00f5ude hoidmiseks v\u00e4ltige kokkupuudet tugevate temperatuurimuutustega. Toodet v\u00f5ib pesta n\u00f5udepesumasinas.<\/p>\n","protected":false},"featured_media":14564,"template":"","meta":{"footnotes":""},"product_brand":[],"product_cat":[281],"product_tag":[],"class_list":{"0":"post-14570","1":"product","2":"type-product","3":"status-publish","4":"has-post-thumbnail","6":"product_cat-larchipel-sentimental-en-2","8":"first","9":"instock","10":"taxable","11":"shipping-taxable","12":"purchasable","13":"product-type-simple"},"_links":{"self":[{"href":"https:\/\/tablescape.ee\/en\/wp-json\/wp\/v2\/product\/14570","targetHints":{"allow":["GET"]}}],"collection":[{"href":"https:\/\/tablescape.ee\/en\/wp-json\/wp\/v2\/product"}],"about":[{"href":"https:\/\/tablescape.ee\/en\/wp-json\/wp\/v2\/types\/product"}],"version-history":[{"count":1,"href":"https:\/\/tablescape.ee\/en\/wp-json\/wp\/v2\/product\/14570\/revisions"}],"predecessor-version":[{"id":14571,"href":"https:\/\/tablescape.ee\/en\/wp-json\/wp\/v2\/product\/14570\/revisions\/14571"}],"wp:featuredmedia":[{"embeddable":true,"href":"https:\/\/tablescape.ee\/en\/wp-json\/wp\/v2\/media\/14564"}],"wp:attachment":[{"href":"https:\/\/tablescape.ee\/en\/wp-json\/wp\/v2\/media?parent=14570"}],"wp:term":[{"taxonomy":"product_brand","embeddable":true,"href":"https:\/\/tablescape.ee\/en\/wp-json\/wp\/v2\/product_brand?post=14570"},{"taxonomy":"product_cat","embeddable":true,"href":"https:\/\/tablescape.ee\/en\/wp-json\/wp\/v2\/product_cat?post=14570"},{"taxonomy":"product_tag","embeddable":true,"href":"https:\/\/tablescape.ee\/en\/wp-json\/wp\/v2\/product_tag?post=14570"}],"curies":[{"name":"wp","href":"https:\/\/api.w.org\/{rel}","templated":true}]}}