{"id":17141,"date":"2025-10-22T15:18:54","date_gmt":"2025-10-22T12:18:54","guid":{"rendered":"https:\/\/tablescape.ee\/toode\/kann-5\/"},"modified":"2025-10-22T15:18:54","modified_gmt":"2025-10-22T12:18:54","slug":"kann-5","status":"publish","type":"product","link":"https:\/\/tablescape.ee\/en\/toode\/kann-5\/","title":{"rendered":"Kann"},"content":{"rendered":"<ul>\n<li>1,2L \/ H 25,5 cm<\/li>\n<li>N\u00f5ude hoidmiseks v\u00e4ltige kokkupuudet tugevate temperatuurimuutustega. Toodet v\u00f5ib pesta n\u00f5udepesumasinas.<\/li>\n<\/ul>\n","protected":false},"excerpt":{"rendered":"<p>1,2L \/ H 25,5 cm N\u00f5ude hoidmiseks v\u00e4ltige kokkupuudet tugevate temperatuurimuutustega. Toodet v\u00f5ib pesta n\u00f5udepesumasinas.<\/p>\n","protected":false},"featured_media":17136,"template":"","meta":{"footnotes":""},"product_brand":[],"product_cat":[191],"product_tag":[],"class_list":{"0":"post-17141","1":"product","2":"type-product","3":"status-publish","4":"has-post-thumbnail","6":"product_cat-tulipes-noires-en","8":"first","9":"instock","10":"taxable","11":"shipping-taxable","12":"purchasable","13":"product-type-simple"},"_links":{"self":[{"href":"https:\/\/tablescape.ee\/en\/wp-json\/wp\/v2\/product\/17141","targetHints":{"allow":["GET"]}}],"collection":[{"href":"https:\/\/tablescape.ee\/en\/wp-json\/wp\/v2\/product"}],"about":[{"href":"https:\/\/tablescape.ee\/en\/wp-json\/wp\/v2\/types\/product"}],"version-history":[{"count":0,"href":"https:\/\/tablescape.ee\/en\/wp-json\/wp\/v2\/product\/17141\/revisions"}],"wp:featuredmedia":[{"embeddable":true,"href":"https:\/\/tablescape.ee\/en\/wp-json\/wp\/v2\/media\/17136"}],"wp:attachment":[{"href":"https:\/\/tablescape.ee\/en\/wp-json\/wp\/v2\/media?parent=17141"}],"wp:term":[{"taxonomy":"product_brand","embeddable":true,"href":"https:\/\/tablescape.ee\/en\/wp-json\/wp\/v2\/product_brand?post=17141"},{"taxonomy":"product_cat","embeddable":true,"href":"https:\/\/tablescape.ee\/en\/wp-json\/wp\/v2\/product_cat?post=17141"},{"taxonomy":"product_tag","embeddable":true,"href":"https:\/\/tablescape.ee\/en\/wp-json\/wp\/v2\/product_tag?post=17141"}],"curies":[{"name":"wp","href":"https:\/\/api.w.org\/{rel}","templated":true}]}}