{"id":17441,"date":"2026-02-17T14:34:24","date_gmt":"2026-02-17T12:34:24","guid":{"rendered":"https:\/\/tablescape.ee\/toode\/4-praetaldrikut-20\/"},"modified":"2026-02-17T14:34:24","modified_gmt":"2026-02-17T12:34:24","slug":"4-praetaldrikut-20","status":"publish","type":"product","link":"https:\/\/tablescape.ee\/en\/toode\/4-praetaldrikut-20\/","title":{"rendered":"4 Praetaldrikut"},"content":{"rendered":"<ul>\n<li>\u00d8 26.5 cm<\/li>\n<li>N\u00f5ude hoidmiseks v\u00e4ltige kokkupuudet tugevate temperatuurimuutustega. Toodet v\u00f5ib pesta n\u00f5udepesumasinas.<\/li>\n<\/ul>\n","protected":false},"excerpt":{"rendered":"<p>\u00d8 26.5 cm N\u00f5ude hoidmiseks v\u00e4ltige kokkupuudet tugevate temperatuurimuutustega. Toodet v\u00f5ib pesta n\u00f5udepesumasinas.<\/p>\n","protected":false},"featured_media":17435,"template":"","meta":{"footnotes":""},"product_brand":[],"product_cat":[302],"product_tag":[],"class_list":{"0":"post-17441","1":"product","2":"type-product","3":"status-publish","4":"has-post-thumbnail","6":"product_cat-filet-rouge-en-2","8":"first","9":"instock","10":"taxable","11":"shipping-taxable","12":"purchasable","13":"product-type-simple"},"_links":{"self":[{"href":"https:\/\/tablescape.ee\/en\/wp-json\/wp\/v2\/product\/17441","targetHints":{"allow":["GET"]}}],"collection":[{"href":"https:\/\/tablescape.ee\/en\/wp-json\/wp\/v2\/product"}],"about":[{"href":"https:\/\/tablescape.ee\/en\/wp-json\/wp\/v2\/types\/product"}],"version-history":[{"count":0,"href":"https:\/\/tablescape.ee\/en\/wp-json\/wp\/v2\/product\/17441\/revisions"}],"wp:featuredmedia":[{"embeddable":true,"href":"https:\/\/tablescape.ee\/en\/wp-json\/wp\/v2\/media\/17435"}],"wp:attachment":[{"href":"https:\/\/tablescape.ee\/en\/wp-json\/wp\/v2\/media?parent=17441"}],"wp:term":[{"taxonomy":"product_brand","embeddable":true,"href":"https:\/\/tablescape.ee\/en\/wp-json\/wp\/v2\/product_brand?post=17441"},{"taxonomy":"product_cat","embeddable":true,"href":"https:\/\/tablescape.ee\/en\/wp-json\/wp\/v2\/product_cat?post=17441"},{"taxonomy":"product_tag","embeddable":true,"href":"https:\/\/tablescape.ee\/en\/wp-json\/wp\/v2\/product_tag?post=17441"}],"curies":[{"name":"wp","href":"https:\/\/api.w.org\/{rel}","templated":true}]}}