{"id":17486,"date":"2026-03-13T12:22:43","date_gmt":"2026-03-13T10:22:43","guid":{"rendered":"https:\/\/tablescape.ee\/toode\/sailitustops-l\/"},"modified":"2026-03-13T12:22:43","modified_gmt":"2026-03-13T10:22:43","slug":"sailitustops-l","status":"publish","type":"product","link":"https:\/\/tablescape.ee\/en\/toode\/sailitustops-l\/","title":{"rendered":"S\u00e4ilitustops L"},"content":{"rendered":"<ul>\n<li>\u00d8 9.5 cm\/H 14.8 cm<\/li>\n<li>N\u00f5ude hoidmiseks v\u00e4ltige kokkupuudet tugevate temperatuurimuutustega. Toodet v\u00f5ib pesta n\u00f5udepesumasinas.<\/li>\n<\/ul>\n","protected":false},"excerpt":{"rendered":"<p>\u00d8 9.5 cm\/H 14.8 cm N\u00f5ude hoidmiseks v\u00e4ltige kokkupuudet tugevate temperatuurimuutustega. Toodet v\u00f5ib pesta n\u00f5udepesumasinas.<\/p>\n","protected":false},"featured_media":17484,"template":"","meta":{"footnotes":""},"product_brand":[],"product_cat":[246],"product_tag":[],"class_list":{"0":"post-17486","1":"product","2":"type-product","3":"status-publish","4":"has-post-thumbnail","6":"product_cat-vannitoa-kollektsioon-monogramme-en","8":"first","9":"instock","10":"taxable","11":"shipping-taxable","12":"purchasable","13":"product-type-simple"},"_links":{"self":[{"href":"https:\/\/tablescape.ee\/en\/wp-json\/wp\/v2\/product\/17486","targetHints":{"allow":["GET"]}}],"collection":[{"href":"https:\/\/tablescape.ee\/en\/wp-json\/wp\/v2\/product"}],"about":[{"href":"https:\/\/tablescape.ee\/en\/wp-json\/wp\/v2\/types\/product"}],"version-history":[{"count":0,"href":"https:\/\/tablescape.ee\/en\/wp-json\/wp\/v2\/product\/17486\/revisions"}],"wp:featuredmedia":[{"embeddable":true,"href":"https:\/\/tablescape.ee\/en\/wp-json\/wp\/v2\/media\/17484"}],"wp:attachment":[{"href":"https:\/\/tablescape.ee\/en\/wp-json\/wp\/v2\/media?parent=17486"}],"wp:term":[{"taxonomy":"product_brand","embeddable":true,"href":"https:\/\/tablescape.ee\/en\/wp-json\/wp\/v2\/product_brand?post=17486"},{"taxonomy":"product_cat","embeddable":true,"href":"https:\/\/tablescape.ee\/en\/wp-json\/wp\/v2\/product_cat?post=17486"},{"taxonomy":"product_tag","embeddable":true,"href":"https:\/\/tablescape.ee\/en\/wp-json\/wp\/v2\/product_tag?post=17486"}],"curies":[{"name":"wp","href":"https:\/\/api.w.org\/{rel}","templated":true}]}}